{"id":312,"date":"2022-06-24T12:37:15","date_gmt":"2022-06-24T15:37:15","guid":{"rendered":"https:\/\/engenhomarketing.com.br\/leolara\/?page_id=312"},"modified":"2022-08-01T15:52:00","modified_gmt":"2022-08-01T18:52:00","slug":"politica-de-qualidade","status":"publish","type":"page","link":"https:\/\/metalurgicavega.com.br\/?page_id=312","title":{"rendered":"Qualidade"},"content":{"rendered":"<section class=\"l-section wpb_row us_custom_3dd087ab height_medium with_shape\"><div class=\"l-section-shape type_triangle-2 pos_bottom hor_flip\" style=\"height:5vh;color:#ebebeb\"><svg xmlns=\"http:\/\/www.w3.org\/2000\/svg\" viewBox=\"0 0 64 8\" preserveAspectRatio=\"none\" width=\"100%\" height=\"100%\">\r\n\t<path fill=\"currentColor\" d=\"M64 8 L0 8 L0 0 L48 7.9 L64 0 Z\"\/>\r\n<\/svg><\/div><div class=\"l-section-h i-cf\"><div class=\"g-cols via_grid cols_1 laptops-cols_inherit tablets-cols_inherit mobiles-cols_1 valign_bottom type_default\"><div class=\"wpb_column vc_column_container\"><div class=\"vc_column-inner\"><div id=\"ultimate-heading-575669d9d8bdc6406\" class=\"uvc-heading ult-adjust-bottom-margin ultimate-heading-575669d9d8bdc6406 uvc-1588 \" data-hspacer=\"no_spacer\"  data-halign=\"left\" style=\"text-align:left\"><div class=\"uvc-heading-spacer no_spacer\" style=\"top\"><\/div><div class=\"uvc-main-heading ult-responsive\"  data-ultimate-target='.uvc-heading.ultimate-heading-575669d9d8bdc6406 h2'  data-responsive-json-new='{\"font-size\":\"desktop:32px;\",\"line-height\":\"\"}' ><h2 style=\"font-weight:normal;color:#ffffff;\">Qualidade<\/h2><\/div><\/div><\/div><\/div><\/div><\/div><\/section><section class=\"l-section wpb_row us_custom_b15be96b height_medium\"><div class=\"l-section-h i-cf\"><div class=\"g-cols via_grid cols_1 laptops-cols_inherit tablets-cols_inherit mobiles-cols_1 valign_top type_default\"><div class=\"wpb_column vc_column_container\"><div class=\"vc_column-inner\"><div id=\"ultimate-heading-612369d9d8bdc761c\" class=\"uvc-heading ult-adjust-bottom-margin ultimate-heading-612369d9d8bdc761c uvc-664 \" data-hspacer=\"image_only\"  data-halign=\"left\" style=\"text-align:left\"><div class=\"uvc-sub-heading ult-responsive\"  data-ultimate-target='.uvc-heading.ultimate-heading-612369d9d8bdc761c .uvc-sub-heading '  data-responsive-json-new='{\"font-size\":\"desktop:24px;\",\"line-height\":\"\"}'  style=\"font-family:&#039;Montserrat&#039;;font-weight:800;color:#b5893d;\">Pol\u00edtica de Qualidade<\/div><div class=\"uvc-heading-spacer image_only\" style=\"top\"><img decoding=\"async\" src=\"https:\/\/metalurgicavega.com.br\/wp-content\/uploads\/2022\/05\/separador.png\" class=\"ultimate-headings-icon-image\" alt=\"null\" style=\"width:204px\"\/><\/div><\/div><div class=\"wpb_text_column us_custom_a518f36e animate_this\"><div class=\"wpb_wrapper\"><p style=\"text-align: justify;\">Produzir pe\u00e7as fundidas e usinadas com qualidade, atendendo as necessidades e expectativas das partes interessadas atrav\u00e9s de estrat\u00e9gias eficientes na gest\u00e3o e melhoria cont\u00ednua, contribuindo para o desenvolvimento ambiental e social.<\/p>\n<\/div><\/div><div id=\"ultimate-heading-241169d9d8bdc7ae0\" class=\"uvc-heading ult-adjust-bottom-margin ultimate-heading-241169d9d8bdc7ae0 uvc-9585 \" data-hspacer=\"image_only\"  data-halign=\"left\" style=\"text-align:left\"><div class=\"uvc-sub-heading ult-responsive\"  data-ultimate-target='.uvc-heading.ultimate-heading-241169d9d8bdc7ae0 .uvc-sub-heading '  data-responsive-json-new='{\"font-size\":\"desktop:24px;\",\"line-height\":\"\"}'  style=\"font-family:&#039;Montserrat&#039;;font-weight:800;color:#b5893d;\">Controle de Qualidade<\/div><div class=\"uvc-heading-spacer image_only\" style=\"top\"><img decoding=\"async\" src=\"https:\/\/metalurgicavega.com.br\/wp-content\/uploads\/2022\/05\/separador.png\" class=\"ultimate-headings-icon-image\" alt=\"null\" style=\"width:204px\"\/><\/div><\/div><div class=\"wpb_text_column us_custom_a518f36e animate_this\"><div class=\"wpb_wrapper\"><p style=\"text-align: justify;\">O controle de qualidade \u00e9 realizado desde do inicio do processo para garantir um alto n\u00edvel de confiabilidade. Os equipamentos utilizados nos processos s\u00e3o calibrados de acordo com sua periodicidade.\u00a0 Tamb\u00e9m \u00e9 realizada uma inspe\u00e7\u00e3o visual em todas as pe\u00e7as antes da expedi\u00e7\u00e3o.<\/p>\n<p style=\"text-align: justify;\">Nossos certificados de qualidade possuem rastreamento e informa\u00e7\u00f5es t\u00e9cnicas de acordo com a solicita\u00e7\u00e3o do cliente.<\/p>\n<\/div><\/div><div id=\"ultimate-heading-249769d9d8bdc7dec\" class=\"uvc-heading ult-adjust-bottom-margin ultimate-heading-249769d9d8bdc7dec uvc-6904 \" data-hspacer=\"image_only\"  data-halign=\"left\" style=\"text-align:left\"><div class=\"uvc-sub-heading ult-responsive\"  data-ultimate-target='.uvc-heading.ultimate-heading-249769d9d8bdc7dec .uvc-sub-heading '  data-responsive-json-new='{\"font-size\":\"desktop:24px;\",\"line-height\":\"\"}'  style=\"font-family:&#039;Montserrat&#039;;font-weight:800;color:#b5893d;\">Laborat\u00f3rio<\/div><div class=\"uvc-heading-spacer image_only\" style=\"top\"><img decoding=\"async\" src=\"https:\/\/metalurgicavega.com.br\/wp-content\/uploads\/2022\/05\/separador.png\" class=\"ultimate-headings-icon-image\" alt=\"null\" style=\"width:204px\"\/><\/div><\/div><div class=\"g-cols wpb_row via_grid cols_2 laptops-cols_inherit tablets-cols_inherit mobiles-cols_1 valign_top type_default\"><div class=\"wpb_column vc_column_container\"><div class=\"vc_column-inner\"><div class=\"wpb_text_column us_custom_a518f36e animate_this\"><div class=\"wpb_wrapper\"><p style=\"text-align: justify;\">Possu\u00edmos laborat\u00f3rio pr\u00f3prio equipado com dois espectr\u00f4metros de emiss\u00e3o \u00f3ptica para analises precisas e confi\u00e1veis dos materiais fabricados e controle de mat\u00e9ria prima, garantindo a qualidade e atendimento aos requisitos dos nossos clientes.<\/p>\n<\/div><\/div><div class=\"wpb_text_column us_custom_a518f36e animate_this\"><div class=\"wpb_wrapper\"><p style=\"text-align: justify;\">Espectr\u00f4metro &#8211; SHIMADZU &#8211; OES 5500 Il<br \/>\nEspectr\u00f4metro W5 (Arc\/Spark-OES)<br \/>\nAquisi\u00e7\u00e3o Abril\/2022<\/p>\n<\/div><\/div><div class=\"w-image align_center\"><div class=\"w-image-h\"><img loading=\"lazy\" decoding=\"async\" width=\"454\" height=\"261\" src=\"https:\/\/metalurgicavega.com.br\/wp-content\/uploads\/2022\/06\/oes.png\" class=\"attachment-large size-large\" alt=\"\" srcset=\"https:\/\/metalurgicavega.com.br\/wp-content\/uploads\/2022\/06\/oes.png 454w, https:\/\/metalurgicavega.com.br\/wp-content\/uploads\/2022\/06\/oes-300x172.png 300w\" sizes=\"auto, (max-width: 454px) 100vw, 454px\" \/><\/div><\/div><\/div><\/div><div class=\"wpb_column vc_column_container\"><div class=\"vc_column-inner\"><div class=\"w-image align_none\"><div class=\"w-image-h\"><img loading=\"lazy\" decoding=\"async\" width=\"562\" height=\"314\" src=\"https:\/\/metalurgicavega.com.br\/wp-content\/uploads\/2022\/06\/lab-1.jpg\" class=\"attachment-large size-large\" alt=\"\" srcset=\"https:\/\/metalurgicavega.com.br\/wp-content\/uploads\/2022\/06\/lab-1.jpg 562w, https:\/\/metalurgicavega.com.br\/wp-content\/uploads\/2022\/06\/lab-1-300x168.jpg 300w\" sizes=\"auto, (max-width: 562px) 100vw, 562px\" \/><\/div><\/div><\/div><\/div><\/div><div class=\"g-cols wpb_row via_grid cols_1 laptops-cols_inherit tablets-cols_inherit mobiles-cols_1 valign_top type_default\"><div class=\"wpb_column vc_column_container\"><div class=\"vc_column-inner\"><div class=\"w-separator size_small with_line width_default thick_1 style_solid color_border align_center\"><div class=\"w-separator-h\"><\/div><\/div><\/div><\/div><\/div><div class=\"g-cols wpb_row us_custom_0f8f44b7 via_grid cols_2 laptops-cols_inherit tablets-cols_inherit mobiles-cols_1 valign_top type_default\"><div class=\"wpb_column vc_column_container\"><div class=\"vc_column-inner\"><div id=\"ultimate-heading-347269d9d8bdca14b\" class=\"uvc-heading ult-adjust-bottom-margin ultimate-heading-347269d9d8bdca14b uvc-5817 \" data-hspacer=\"image_only\"  data-halign=\"left\" style=\"text-align:left\"><div class=\"uvc-sub-heading ult-responsive\"  data-ultimate-target='.uvc-heading.ultimate-heading-347269d9d8bdca14b .uvc-sub-heading '  data-responsive-json-new='{\"font-size\":\"desktop:24px;\",\"line-height\":\"\"}'  style=\"font-family:&#039;Montserrat&#039;;font-weight:800;color:#b5893d;\">Certifica\u00e7\u00f5es<\/div><div class=\"uvc-heading-spacer image_only\" style=\"top\"><img decoding=\"async\" src=\"https:\/\/metalurgicavega.com.br\/wp-content\/uploads\/2022\/05\/separador.png\" class=\"ultimate-headings-icon-image\" alt=\"null\" style=\"width:204px\"\/><\/div><\/div><div class=\"wpb_text_column us_custom_a518f36e animate_this\"><div class=\"wpb_wrapper\"><p style=\"text-align: justify;\">Certifica\u00e7\u00e3o ISO 9001<\/p>\n<\/div><\/div><\/div><\/div><div class=\"wpb_column vc_column_container\"><div class=\"vc_column-inner\"><div class=\"w-hwrapper align_center valign_middle\"><div class=\"w-image align_none\"><div class=\"w-image-h\"><img loading=\"lazy\" decoding=\"async\" width=\"108\" height=\"108\" src=\"https:\/\/metalurgicavega.com.br\/wp-content\/uploads\/2022\/05\/iso.jpg\" class=\"attachment-large size-large\" alt=\"\" \/><\/div><\/div><div class=\"w-image align_center\"><a href=\"https:\/\/engenhomarketing.com.br\/leolara\/wp-content\/uploads\/2022\/07\/23.026_22-Certificado-ISO-9001-09_02_25..pdf\" aria-label=\"Link\" class=\"w-image-h\"><img loading=\"lazy\" decoding=\"async\" width=\"230\" height=\"323\" src=\"https:\/\/metalurgicavega.com.br\/wp-content\/uploads\/2022\/07\/certificado.jpg\" class=\"attachment-full size-full\" alt=\"\" srcset=\"https:\/\/metalurgicavega.com.br\/wp-content\/uploads\/2022\/07\/certificado.jpg 230w, https:\/\/metalurgicavega.com.br\/wp-content\/uploads\/2022\/07\/certificado-214x300.jpg 214w\" sizes=\"auto, (max-width: 230px) 100vw, 230px\" \/><\/a><\/div><\/div><\/div><\/div><\/div><\/div><\/div><\/div><\/div><\/section>\n","protected":false},"excerpt":{"rendered":"QualidadePol\u00edtica de QualidadeProduzir pe\u00e7as fundidas e usinadas com qualidade, atendendo as necessidades e expectativas das partes interessadas atrav\u00e9s de estrat\u00e9gias eficientes na gest\u00e3o e melhoria cont\u00ednua, contribuindo para o desenvolvimento ambiental e social. Controle de QualidadeO controle de qualidade \u00e9 realizado desde do inicio do processo para garantir um alto n\u00edvel de confiabilidade. Os equipamentos...","protected":false},"author":1,"featured_media":0,"parent":0,"menu_order":0,"comment_status":"closed","ping_status":"closed","template":"","meta":{"inline_featured_image":false,"_joinchat":[],"footnotes":""},"class_list":["post-312","page","type-page","status-publish","hentry"],"_links":{"self":[{"href":"https:\/\/metalurgicavega.com.br\/index.php?rest_route=\/wp\/v2\/pages\/312","targetHints":{"allow":["GET"]}}],"collection":[{"href":"https:\/\/metalurgicavega.com.br\/index.php?rest_route=\/wp\/v2\/pages"}],"about":[{"href":"https:\/\/metalurgicavega.com.br\/index.php?rest_route=\/wp\/v2\/types\/page"}],"author":[{"embeddable":true,"href":"https:\/\/metalurgicavega.com.br\/index.php?rest_route=\/wp\/v2\/users\/1"}],"replies":[{"embeddable":true,"href":"https:\/\/metalurgicavega.com.br\/index.php?rest_route=%2Fwp%2Fv2%2Fcomments&post=312"}],"version-history":[{"count":18,"href":"https:\/\/metalurgicavega.com.br\/index.php?rest_route=\/wp\/v2\/pages\/312\/revisions"}],"predecessor-version":[{"id":545,"href":"https:\/\/metalurgicavega.com.br\/index.php?rest_route=\/wp\/v2\/pages\/312\/revisions\/545"}],"wp:attachment":[{"href":"https:\/\/metalurgicavega.com.br\/index.php?rest_route=%2Fwp%2Fv2%2Fmedia&parent=312"}],"curies":[{"name":"wp","href":"https:\/\/api.w.org\/{rel}","templated":true}]}}