{"id":310,"date":"2022-06-24T12:36:59","date_gmt":"2022-06-24T15:36:59","guid":{"rendered":"https:\/\/engenhomarketing.com.br\/leolara\/?page_id=310"},"modified":"2025-10-15T15:19:06","modified_gmt":"2025-10-15T18:19:06","slug":"produtos","status":"publish","type":"page","link":"https:\/\/metalurgicavega.com.br\/?page_id=310","title":{"rendered":"Produtos"},"content":{"rendered":"<section class=\"l-section wpb_row us_custom_3dd087ab height_medium with_shape\"><div class=\"l-section-shape type_triangle-2 pos_bottom hor_flip\" style=\"height:5vh;color:#ebebeb\"><svg xmlns=\"http:\/\/www.w3.org\/2000\/svg\" viewBox=\"0 0 64 8\" preserveAspectRatio=\"none\" width=\"100%\" height=\"100%\">\r\n\t<path fill=\"currentColor\" d=\"M64 8 L0 8 L0 0 L48 7.9 L64 0 Z\"\/>\r\n<\/svg><\/div><div class=\"l-section-h i-cf\"><div class=\"g-cols via_grid cols_1 laptops-cols_inherit tablets-cols_inherit mobiles-cols_1 valign_bottom type_default\"><div class=\"wpb_column vc_column_container\"><div class=\"vc_column-inner\"><div id=\"ultimate-heading-884569d9efdabe7b8\" class=\"uvc-heading ult-adjust-bottom-margin ultimate-heading-884569d9efdabe7b8 uvc-3227 \" data-hspacer=\"no_spacer\"  data-halign=\"left\" style=\"text-align:left\"><div class=\"uvc-heading-spacer no_spacer\" style=\"top\"><\/div><div class=\"uvc-main-heading ult-responsive\"  data-ultimate-target='.uvc-heading.ultimate-heading-884569d9efdabe7b8 h2'  data-responsive-json-new='{\"font-size\":\"desktop:32px;\",\"line-height\":\"\"}' ><h2 style=\"font-weight:normal;color:#ffffff;\">Produtos<\/h2><\/div><\/div><\/div><\/div><\/div><\/div><\/section><section class=\"l-section wpb_row us_custom_b15be96b height_medium\"><div class=\"l-section-h i-cf\"><div class=\"g-cols via_grid cols_1 laptops-cols_inherit tablets-cols_inherit mobiles-cols_1 valign_top type_default\"><div class=\"wpb_column vc_column_container\"><div class=\"vc_column-inner\"><div class=\"g-cols wpb_row via_grid cols_2-1 laptops-cols_inherit tablets-cols_inherit mobiles-cols_1 valign_top type_default\"><div class=\"wpb_column vc_column_container\"><div class=\"vc_column-inner\"><div class=\"wpb_text_column us_custom_a518f36e animate_this\"><div class=\"wpb_wrapper\"><p style=\"text-align: justify;\">Produzimos pecas de at\u00e9 1200 kg para diversos segmentos como minera\u00e7\u00e3o, siderurgia, papel e celulose, cimenteira, gera\u00e7\u00e3o de energia entre outros.<\/p>\n<p style=\"text-align: justify;\">Pe\u00e7as fundidas e usinadas com qualidade, atendendo as necessidades e expectativas das partes interessadas atrav\u00e9s de estrat\u00e9gias eficientes na gest\u00e3o e melhoria cont\u00ednua, contribuindo para o desenvolvimento ambiental e social.<\/p>\n<\/div><\/div><div class=\"w-separator size_small with_line width_default thick_1 style_solid color_border align_center\"><div class=\"w-separator-h\"><\/div><\/div><div id=\"ultimate-heading-215969d9efdac01cc\" class=\"uvc-heading ult-adjust-bottom-margin ultimate-heading-215969d9efdac01cc uvc-9401 \" data-hspacer=\"image_only\"  data-halign=\"left\" style=\"text-align:left\"><div class=\"uvc-sub-heading ult-responsive\"  data-ultimate-target='.uvc-heading.ultimate-heading-215969d9efdac01cc .uvc-sub-heading '  data-responsive-json-new='{\"font-size\":\"desktop:24px;\",\"line-height\":\"\"}'  style=\"font-family:&#039;Montserrat&#039;;font-weight:800;color:#b5893d;\">Produtos<\/div><div class=\"uvc-heading-spacer image_only\" style=\"top\"><img decoding=\"async\" src=\"https:\/\/metalurgicavega.com.br\/wp-content\/uploads\/2022\/05\/separador.png\" class=\"ultimate-headings-icon-image\" alt=\"null\" style=\"width:204px\"\/><\/div><\/div><div id=\"ult-carousel-299543400669d9efdac031c\" class=\"ult-carousel-wrapper   ult_horizontal\" data-gutter=\"15\" data-rtl=\"false\" ><div class=\"ult-carousel-27043828769d9efdac023f \" ><div class=\"ult-item-wrap\" data-animation=\"animated no-animation\"><div class=\"wpb_text_column\"><div class=\"wpb_wrapper\"><div class=\"ult-item-wrap\" data-animation=\"animated no-animation\"><div class=\"w-gallery cols_6 link_file with_indents\"><div class=\"w-gallery-list\"><a class=\"w-gallery-item order_1\" href=\"https:\/\/metalurgicavega.com.br\/wp-content\/uploads\/2022\/06\/IMG-20220615-WA0046.jpg\" title=\"IMG-20220615-WA0046\"><div class=\"w-gallery-item-img\"><img loading=\"lazy\" decoding=\"async\" width=\"150\" height=\"150\" src=\"https:\/\/metalurgicavega.com.br\/wp-content\/uploads\/2022\/06\/IMG-20220615-WA0046-150x150.jpg\" class=\"attachment-thumbnail size-thumbnail\" alt=\"\" \/><\/div><\/a><a class=\"w-gallery-item order_2\" href=\"https:\/\/metalurgicavega.com.br\/wp-content\/uploads\/2022\/06\/IMG-20220615-WA0047.jpg\" title=\"IMG-20220615-WA0047\"><div class=\"w-gallery-item-img\"><img loading=\"lazy\" decoding=\"async\" width=\"150\" height=\"150\" src=\"https:\/\/metalurgicavega.com.br\/wp-content\/uploads\/2022\/06\/IMG-20220615-WA0047-150x150.jpg\" class=\"attachment-thumbnail size-thumbnail\" alt=\"\" \/><\/div><\/a><a class=\"w-gallery-item order_3\" href=\"https:\/\/metalurgicavega.com.br\/wp-content\/uploads\/2022\/06\/IMG-20220615-WA0048.jpg\" title=\"IMG-20220615-WA0048\"><div class=\"w-gallery-item-img\"><img loading=\"lazy\" decoding=\"async\" width=\"150\" height=\"150\" src=\"https:\/\/metalurgicavega.com.br\/wp-content\/uploads\/2022\/06\/IMG-20220615-WA0048-150x150.jpg\" class=\"attachment-thumbnail size-thumbnail\" alt=\"\" \/><\/div><\/a><a class=\"w-gallery-item order_4\" href=\"https:\/\/metalurgicavega.com.br\/wp-content\/uploads\/2022\/06\/IMG-20220615-WA0051.jpg\" title=\"IMG-20220615-WA0051\"><div class=\"w-gallery-item-img\"><img loading=\"lazy\" decoding=\"async\" width=\"150\" height=\"150\" src=\"https:\/\/metalurgicavega.com.br\/wp-content\/uploads\/2022\/06\/IMG-20220615-WA0051-150x150.jpg\" class=\"attachment-thumbnail size-thumbnail\" alt=\"\" \/><\/div><\/a><a class=\"w-gallery-item order_5\" href=\"https:\/\/metalurgicavega.com.br\/wp-content\/uploads\/2022\/06\/IMG-20220615-WA0052.jpg\" title=\"IMG-20220615-WA0052\"><div class=\"w-gallery-item-img\"><img loading=\"lazy\" decoding=\"async\" width=\"150\" height=\"150\" src=\"https:\/\/metalurgicavega.com.br\/wp-content\/uploads\/2022\/06\/IMG-20220615-WA0052-150x150.jpg\" class=\"attachment-thumbnail size-thumbnail\" alt=\"\" \/><\/div><\/a><a class=\"w-gallery-item order_6\" href=\"https:\/\/metalurgicavega.com.br\/wp-content\/uploads\/2022\/06\/IMG-20220615-WA0053.jpg\" title=\"IMG-20220615-WA0053\"><div class=\"w-gallery-item-img\"><img loading=\"lazy\" decoding=\"async\" width=\"150\" height=\"150\" src=\"https:\/\/metalurgicavega.com.br\/wp-content\/uploads\/2022\/06\/IMG-20220615-WA0053-150x150.jpg\" class=\"attachment-thumbnail size-thumbnail\" alt=\"\" \/><\/div><\/a><a class=\"w-gallery-item order_7\" href=\"https:\/\/metalurgicavega.com.br\/wp-content\/uploads\/2022\/06\/IMG-20220615-WA0054.jpg\" title=\"IMG-20220615-WA0054\"><div class=\"w-gallery-item-img\"><img loading=\"lazy\" decoding=\"async\" width=\"150\" height=\"150\" src=\"https:\/\/metalurgicavega.com.br\/wp-content\/uploads\/2022\/06\/IMG-20220615-WA0054-150x150.jpg\" class=\"attachment-thumbnail size-thumbnail\" alt=\"\" \/><\/div><\/a><a class=\"w-gallery-item order_8\" href=\"https:\/\/metalurgicavega.com.br\/wp-content\/uploads\/2022\/06\/IMG-20220615-WA0055.jpg\" title=\"IMG-20220615-WA0055\"><div class=\"w-gallery-item-img\"><img loading=\"lazy\" decoding=\"async\" width=\"150\" height=\"150\" src=\"https:\/\/metalurgicavega.com.br\/wp-content\/uploads\/2022\/06\/IMG-20220615-WA0055-150x150.jpg\" class=\"attachment-thumbnail size-thumbnail\" alt=\"\" \/><\/div><\/a><a class=\"w-gallery-item order_9\" href=\"https:\/\/metalurgicavega.com.br\/wp-content\/uploads\/2022\/06\/IMG-20220615-WA0056.jpg\" title=\"IMG-20220615-WA0056\"><div class=\"w-gallery-item-img\"><img loading=\"lazy\" decoding=\"async\" width=\"150\" height=\"150\" src=\"https:\/\/metalurgicavega.com.br\/wp-content\/uploads\/2022\/06\/IMG-20220615-WA0056-150x150.jpg\" class=\"attachment-thumbnail size-thumbnail\" alt=\"\" \/><\/div><\/a><a class=\"w-gallery-item order_10\" href=\"https:\/\/metalurgicavega.com.br\/wp-content\/uploads\/2022\/06\/IMG-20220615-WA0057.jpg\" title=\"IMG-20220615-WA0057\"><div class=\"w-gallery-item-img\"><img loading=\"lazy\" decoding=\"async\" width=\"150\" height=\"150\" src=\"https:\/\/metalurgicavega.com.br\/wp-content\/uploads\/2022\/06\/IMG-20220615-WA0057-150x150.jpg\" class=\"attachment-thumbnail size-thumbnail\" alt=\"\" \/><\/div><\/a><a class=\"w-gallery-item order_11\" href=\"https:\/\/metalurgicavega.com.br\/wp-content\/uploads\/2022\/06\/IMG-20220615-WA0060.jpg\" title=\"IMG-20220615-WA0060\"><div class=\"w-gallery-item-img\"><img loading=\"lazy\" decoding=\"async\" width=\"150\" height=\"150\" src=\"https:\/\/metalurgicavega.com.br\/wp-content\/uploads\/2022\/06\/IMG-20220615-WA0060-150x150.jpg\" class=\"attachment-thumbnail size-thumbnail\" alt=\"\" \/><\/div><\/a><a class=\"w-gallery-item order_12\" href=\"https:\/\/metalurgicavega.com.br\/wp-content\/uploads\/2022\/07\/RS1_4336.jpg\" title=\"RS1_4336\"><div class=\"w-gallery-item-img\"><img loading=\"lazy\" decoding=\"async\" width=\"150\" height=\"150\" src=\"https:\/\/metalurgicavega.com.br\/wp-content\/uploads\/2022\/07\/RS1_4336-150x150.jpg\" class=\"attachment-thumbnail size-thumbnail\" alt=\"\" \/><\/div><\/a><\/div><\/div><\/div>\n<\/div><\/div><\/div><div class=\"ult-item-wrap\" data-animation=\"animated no-animation\"><div class=\"wpb_text_column\"><div class=\"wpb_wrapper\"><div class=\"ult-item-wrap\" data-animation=\"animated no-animation\"><div class=\"w-gallery cols_6 link_file with_indents\"><div class=\"w-gallery-list\"><a class=\"w-gallery-item order_1\" href=\"https:\/\/metalurgicavega.com.br\/wp-content\/uploads\/2022\/06\/IMG-20220615-WA0064.jpg\" title=\"IMG-20220615-WA0064\"><div class=\"w-gallery-item-img\"><img loading=\"lazy\" decoding=\"async\" width=\"150\" height=\"150\" src=\"https:\/\/metalurgicavega.com.br\/wp-content\/uploads\/2022\/06\/IMG-20220615-WA0064-150x150.jpg\" class=\"attachment-thumbnail size-thumbnail\" alt=\"\" \/><\/div><\/a><a class=\"w-gallery-item order_2\" href=\"https:\/\/metalurgicavega.com.br\/wp-content\/uploads\/2022\/06\/IMG-20220615-WA0063.jpg\" title=\"IMG-20220615-WA0063\"><div class=\"w-gallery-item-img\"><img loading=\"lazy\" decoding=\"async\" width=\"150\" height=\"150\" src=\"https:\/\/metalurgicavega.com.br\/wp-content\/uploads\/2022\/06\/IMG-20220615-WA0063-150x150.jpg\" class=\"attachment-thumbnail size-thumbnail\" alt=\"\" \/><\/div><\/a><a class=\"w-gallery-item order_3\" href=\"https:\/\/metalurgicavega.com.br\/wp-content\/uploads\/2022\/06\/IMG-20220615-WA0065.jpg\" title=\"IMG-20220615-WA0065\"><div class=\"w-gallery-item-img\"><img loading=\"lazy\" decoding=\"async\" width=\"150\" height=\"150\" src=\"https:\/\/metalurgicavega.com.br\/wp-content\/uploads\/2022\/06\/IMG-20220615-WA0065-150x150.jpg\" class=\"attachment-thumbnail size-thumbnail\" alt=\"\" \/><\/div><\/a><a class=\"w-gallery-item order_4\" href=\"https:\/\/metalurgicavega.com.br\/wp-content\/uploads\/2022\/06\/IMG-20220615-WA0066.jpg\" title=\"IMG-20220615-WA0066\"><div class=\"w-gallery-item-img\"><img loading=\"lazy\" decoding=\"async\" width=\"150\" height=\"150\" src=\"https:\/\/metalurgicavega.com.br\/wp-content\/uploads\/2022\/06\/IMG-20220615-WA0066-150x150.jpg\" class=\"attachment-thumbnail size-thumbnail\" alt=\"\" \/><\/div><\/a><a class=\"w-gallery-item order_5\" href=\"https:\/\/metalurgicavega.com.br\/wp-content\/uploads\/2022\/06\/IMG-20220615-WA0067.jpg\" title=\"IMG-20220615-WA0067\"><div class=\"w-gallery-item-img\"><img loading=\"lazy\" decoding=\"async\" width=\"150\" height=\"150\" src=\"https:\/\/metalurgicavega.com.br\/wp-content\/uploads\/2022\/06\/IMG-20220615-WA0067-150x150.jpg\" class=\"attachment-thumbnail size-thumbnail\" alt=\"\" \/><\/div><\/a><a class=\"w-gallery-item order_6\" href=\"https:\/\/metalurgicavega.com.br\/wp-content\/uploads\/2022\/06\/IMG-20220615-WA0068.jpg\" title=\"IMG-20220615-WA0068\"><div class=\"w-gallery-item-img\"><img loading=\"lazy\" decoding=\"async\" width=\"150\" height=\"150\" src=\"https:\/\/metalurgicavega.com.br\/wp-content\/uploads\/2022\/06\/IMG-20220615-WA0068-150x150.jpg\" class=\"attachment-thumbnail size-thumbnail\" alt=\"\" \/><\/div><\/a><a class=\"w-gallery-item order_7\" href=\"https:\/\/metalurgicavega.com.br\/wp-content\/uploads\/2022\/06\/IMG-20220615-WA0069.jpg\" title=\"IMG-20220615-WA0069\"><div class=\"w-gallery-item-img\"><img loading=\"lazy\" decoding=\"async\" width=\"150\" height=\"150\" src=\"https:\/\/metalurgicavega.com.br\/wp-content\/uploads\/2022\/06\/IMG-20220615-WA0069-150x150.jpg\" class=\"attachment-thumbnail size-thumbnail\" alt=\"\" \/><\/div><\/a><a class=\"w-gallery-item order_8\" href=\"https:\/\/metalurgicavega.com.br\/wp-content\/uploads\/2022\/06\/IMG-20220615-WA0070.jpg\" title=\"IMG-20220615-WA0070\"><div class=\"w-gallery-item-img\"><img loading=\"lazy\" decoding=\"async\" width=\"150\" height=\"150\" src=\"https:\/\/metalurgicavega.com.br\/wp-content\/uploads\/2022\/06\/IMG-20220615-WA0070-150x150.jpg\" class=\"attachment-thumbnail size-thumbnail\" alt=\"\" \/><\/div><\/a><a class=\"w-gallery-item order_9\" href=\"https:\/\/metalurgicavega.com.br\/wp-content\/uploads\/2022\/06\/IMG-20220615-WA0072.jpg\" title=\"IMG-20220615-WA0072\"><div class=\"w-gallery-item-img\"><img loading=\"lazy\" decoding=\"async\" width=\"150\" height=\"150\" src=\"https:\/\/metalurgicavega.com.br\/wp-content\/uploads\/2022\/06\/IMG-20220615-WA0072-150x150.jpg\" class=\"attachment-thumbnail size-thumbnail\" alt=\"\" \/><\/div><\/a><a class=\"w-gallery-item order_10\" href=\"https:\/\/metalurgicavega.com.br\/wp-content\/uploads\/2022\/06\/IMG-20220615-WA0071.jpg\" title=\"IMG-20220615-WA0071\"><div class=\"w-gallery-item-img\"><img loading=\"lazy\" decoding=\"async\" width=\"150\" height=\"150\" src=\"https:\/\/metalurgicavega.com.br\/wp-content\/uploads\/2022\/06\/IMG-20220615-WA0071-150x150.jpg\" class=\"attachment-thumbnail size-thumbnail\" alt=\"\" \/><\/div><\/a><a class=\"w-gallery-item order_11\" href=\"https:\/\/metalurgicavega.com.br\/wp-content\/uploads\/2022\/06\/IMG-20220615-WA0074.jpg\" title=\"IMG-20220615-WA0074\"><div class=\"w-gallery-item-img\"><img loading=\"lazy\" decoding=\"async\" width=\"150\" height=\"150\" src=\"https:\/\/metalurgicavega.com.br\/wp-content\/uploads\/2022\/06\/IMG-20220615-WA0074-150x150.jpg\" class=\"attachment-thumbnail size-thumbnail\" alt=\"\" \/><\/div><\/a><a class=\"w-gallery-item order_12\" href=\"https:\/\/metalurgicavega.com.br\/wp-content\/uploads\/2022\/08\/gerfan-1.jpg\" title=\"gerfan 1\"><div class=\"w-gallery-item-img\"><img loading=\"lazy\" decoding=\"async\" width=\"150\" height=\"150\" src=\"https:\/\/metalurgicavega.com.br\/wp-content\/uploads\/2022\/08\/gerfan-1-150x150.jpg\" class=\"attachment-thumbnail size-thumbnail\" alt=\"\" \/><\/div><\/a><\/div><\/div><\/div>\n<\/div><\/div><\/div><div class=\"ult-item-wrap\" data-animation=\"animated no-animation\"><div class=\"wpb_text_column\"><div class=\"wpb_wrapper\"><div class=\"ult-item-wrap\" data-animation=\"animated no-animation\"><div class=\"w-gallery cols_6 link_file with_indents\"><div class=\"w-gallery-list\"><a class=\"w-gallery-item order_1\" href=\"https:\/\/metalurgicavega.com.br\/wp-content\/uploads\/2022\/06\/IMG-20220615-WA0075.jpg\" title=\"IMG-20220615-WA0075\"><div class=\"w-gallery-item-img\"><img loading=\"lazy\" decoding=\"async\" width=\"150\" height=\"150\" src=\"https:\/\/metalurgicavega.com.br\/wp-content\/uploads\/2022\/06\/IMG-20220615-WA0075-150x150.jpg\" class=\"attachment-thumbnail size-thumbnail\" alt=\"\" \/><\/div><\/a><a class=\"w-gallery-item order_2\" href=\"https:\/\/metalurgicavega.com.br\/wp-content\/uploads\/2022\/06\/IMG-20220615-WA0076.jpg\" title=\"IMG-20220615-WA0076\"><div class=\"w-gallery-item-img\"><img loading=\"lazy\" decoding=\"async\" width=\"150\" height=\"150\" src=\"https:\/\/metalurgicavega.com.br\/wp-content\/uploads\/2022\/06\/IMG-20220615-WA0076-150x150.jpg\" class=\"attachment-thumbnail size-thumbnail\" alt=\"\" \/><\/div><\/a><a class=\"w-gallery-item order_3\" href=\"https:\/\/metalurgicavega.com.br\/wp-content\/uploads\/2022\/06\/IMG-20220615-WA0077.jpg\" title=\"IMG-20220615-WA0077\"><div class=\"w-gallery-item-img\"><img loading=\"lazy\" decoding=\"async\" width=\"150\" height=\"150\" src=\"https:\/\/metalurgicavega.com.br\/wp-content\/uploads\/2022\/06\/IMG-20220615-WA0077-150x150.jpg\" class=\"attachment-thumbnail size-thumbnail\" alt=\"\" \/><\/div><\/a><a class=\"w-gallery-item order_4\" href=\"https:\/\/metalurgicavega.com.br\/wp-content\/uploads\/2022\/06\/IMG-20220615-WA0080.jpg\" title=\"IMG-20220615-WA0080\"><div class=\"w-gallery-item-img\"><img loading=\"lazy\" decoding=\"async\" width=\"150\" height=\"150\" src=\"https:\/\/metalurgicavega.com.br\/wp-content\/uploads\/2022\/06\/IMG-20220615-WA0080-150x150.jpg\" class=\"attachment-thumbnail size-thumbnail\" alt=\"\" \/><\/div><\/a><a class=\"w-gallery-item order_5\" href=\"https:\/\/metalurgicavega.com.br\/wp-content\/uploads\/2022\/06\/chapa.png\" title=\"chapa\"><div class=\"w-gallery-item-img\"><img loading=\"lazy\" decoding=\"async\" width=\"150\" height=\"150\" src=\"https:\/\/metalurgicavega.com.br\/wp-content\/uploads\/2022\/06\/chapa-150x150.png\" class=\"attachment-thumbnail size-thumbnail\" alt=\"\" \/><\/div><\/a><a class=\"w-gallery-item order_6\" href=\"https:\/\/metalurgicavega.com.br\/wp-content\/uploads\/2022\/06\/coroa.png\" title=\"coroa\"><div class=\"w-gallery-item-img\"><img loading=\"lazy\" decoding=\"async\" width=\"150\" height=\"150\" src=\"https:\/\/metalurgicavega.com.br\/wp-content\/uploads\/2022\/06\/coroa-150x150.png\" class=\"attachment-thumbnail size-thumbnail\" alt=\"\" \/><\/div><\/a><a class=\"w-gallery-item order_7\" href=\"https:\/\/metalurgicavega.com.br\/wp-content\/uploads\/2022\/06\/polia.png\" title=\"polia\"><div class=\"w-gallery-item-img\"><img loading=\"lazy\" decoding=\"async\" width=\"150\" height=\"150\" src=\"https:\/\/metalurgicavega.com.br\/wp-content\/uploads\/2022\/06\/polia-150x150.png\" class=\"attachment-thumbnail size-thumbnail\" alt=\"\" \/><\/div><\/a><a class=\"w-gallery-item order_8\" href=\"https:\/\/metalurgicavega.com.br\/wp-content\/uploads\/2022\/06\/rolobriqutagem.png\" title=\"rolobriqutagem\"><div class=\"w-gallery-item-img\"><img loading=\"lazy\" decoding=\"async\" width=\"150\" height=\"150\" src=\"https:\/\/metalurgicavega.com.br\/wp-content\/uploads\/2022\/06\/rolobriqutagem-150x150.png\" class=\"attachment-thumbnail size-thumbnail\" alt=\"\" \/><\/div><\/a><a class=\"w-gallery-item order_9\" href=\"https:\/\/metalurgicavega.com.br\/wp-content\/uploads\/2022\/06\/mineracao2.jpg\" title=\"mineracao2\"><div class=\"w-gallery-item-img\"><img loading=\"lazy\" decoding=\"async\" width=\"150\" height=\"150\" src=\"https:\/\/metalurgicavega.com.br\/wp-content\/uploads\/2022\/06\/mineracao2-150x150.jpg\" class=\"attachment-thumbnail size-thumbnail\" alt=\"\" \/><\/div><\/a><a class=\"w-gallery-item order_10\" href=\"https:\/\/metalurgicavega.com.br\/wp-content\/uploads\/2022\/06\/mineracao1.jpg\" title=\"mineracao1\"><div class=\"w-gallery-item-img\"><img loading=\"lazy\" decoding=\"async\" width=\"150\" height=\"150\" src=\"https:\/\/metalurgicavega.com.br\/wp-content\/uploads\/2022\/06\/mineracao1-150x150.jpg\" class=\"attachment-thumbnail size-thumbnail\" alt=\"\" \/><\/div><\/a><a class=\"w-gallery-item order_11\" href=\"https:\/\/metalurgicavega.com.br\/wp-content\/uploads\/2022\/07\/RS1_4336.jpg\" title=\"RS1_4336\"><div class=\"w-gallery-item-img\"><img loading=\"lazy\" decoding=\"async\" width=\"150\" height=\"150\" src=\"https:\/\/metalurgicavega.com.br\/wp-content\/uploads\/2022\/07\/RS1_4336-150x150.jpg\" class=\"attachment-thumbnail size-thumbnail\" alt=\"\" \/><\/div><\/a><a class=\"w-gallery-item order_12\" href=\"https:\/\/metalurgicavega.com.br\/wp-content\/uploads\/2022\/07\/RS1_4354.jpg\" title=\"RS1_4354\"><div class=\"w-gallery-item-img\"><img loading=\"lazy\" decoding=\"async\" width=\"150\" height=\"150\" src=\"https:\/\/metalurgicavega.com.br\/wp-content\/uploads\/2022\/07\/RS1_4354-150x150.jpg\" class=\"attachment-thumbnail size-thumbnail\" alt=\"\" \/><\/div><\/a><\/div><\/div><\/div>\n<\/div><\/div><\/div><\/div><\/div>\t\t\t<script type=\"text\/javascript\">\r\n\t\t\t\tjQuery(document).ready(function ($) {\r\n\t\t\t\t\tif( typeof jQuery('.ult-carousel-27043828769d9efdac023f').slick == \"function\"){\r\n\t\t\t\t\t\t$('.ult-carousel-27043828769d9efdac023f').slick({dots: true,autoplay: true,autoplaySpeed: 5000,speed: 2000,infinite: true,arrows: true,nextArrow: '<button type=\"button\" role=\"button\" aria-label=\"Next\" style=\"color:#333333; font-size:20px;\" class=\"slick-next default\"><i class=\"ultsl-arrow-right4\"><\/i><\/button>',prevArrow: '<button type=\"button\" role=\"button\" aria-label=\"Previous\" style=\"color:#333333; font-size:20px;\" class=\"slick-prev default\"><i class=\"ultsl-arrow-left4\"><\/i><\/button>',slidesToScroll:1,slidesToShow:1,swipe: true,draggable: true,touchMove: true,pauseOnHover: true,pauseOnFocus: false,responsive: [\r\n\t\t\t\t\t\t\t{\r\n\t\t\t\t\t\t\t  breakpoint: 1026,\r\n\t\t\t\t\t\t\t  settings: {\r\n\t\t\t\t\t\t\t\tslidesToShow: 1,\r\n\t\t\t\t\t\t\t\tslidesToScroll: 1,  \r\n\t\t\t\t\t\t\t  }\r\n\t\t\t\t\t\t\t},\r\n\t\t\t\t\t\t\t{\r\n\t\t\t\t\t\t\t  breakpoint: 1025,\r\n\t\t\t\t\t\t\t  settings: {\r\n\t\t\t\t\t\t\t\tslidesToShow: 1,\r\n\t\t\t\t\t\t\t\tslidesToScroll: 1\r\n\t\t\t\t\t\t\t  }\r\n\t\t\t\t\t\t\t},\r\n\t\t\t\t\t\t\t{\r\n\t\t\t\t\t\t\t  breakpoint: 760,\r\n\t\t\t\t\t\t\t  settings: {\r\n\t\t\t\t\t\t\t\tslidesToShow: 1,\r\n\t\t\t\t\t\t\t\tslidesToScroll: 1\r\n\t\t\t\t\t\t\t  }\r\n\t\t\t\t\t\t\t}\r\n\t\t\t\t\t\t],pauseOnDotsHover: true,customPaging: function(slider, i) {\r\n                   return '<i type=\"button\" style= \"color:#333333;\" class=\"ultsl-record\" data-role=\"none\"><\/i>';\r\n                },});\r\n\t\t\t\t\t}\r\n\t\t\t\t});\r\n\t\t\t<\/script>\r\n\t\t\t<\/div><\/div><div class=\"wpb_column vc_column_container\"><div class=\"vc_column-inner\"><div id=\"ultimate-heading-734169d9efdac5b98\" class=\"uvc-heading ult-adjust-bottom-margin ultimate-heading-734169d9efdac5b98 uvc-632 \" data-hspacer=\"image_only\"  data-halign=\"left\" style=\"text-align:left\"><div class=\"uvc-sub-heading ult-responsive\"  data-ultimate-target='.uvc-heading.ultimate-heading-734169d9efdac5b98 .uvc-sub-heading '  data-responsive-json-new='{\"font-size\":\"desktop:24px;\",\"line-height\":\"\"}'  style=\"font-family:&#039;Montserrat&#039;;font-weight:800;color:#b5893d;\">Lista de Materiais<\/div><div class=\"uvc-heading-spacer image_only\" style=\"top\"><img decoding=\"async\" src=\"https:\/\/metalurgicavega.com.br\/wp-content\/uploads\/2022\/05\/separador.png\" class=\"ultimate-headings-icon-image\" alt=\"null\" style=\"width:204px\"\/><\/div><\/div><div class=\"w-image align_center\"><a href=\"https:\/\/metalurgicavega.com.br\/wp-content\/uploads\/2022\/07\/materiais.jpg\" ref=\"magnificPopup\" aria-label=\"Link\" class=\"w-image-h\"><img loading=\"lazy\" decoding=\"async\" width=\"612\" height=\"839\" src=\"https:\/\/metalurgicavega.com.br\/wp-content\/uploads\/2022\/07\/materiais.jpg\" class=\"attachment-full size-full\" alt=\"\" srcset=\"https:\/\/metalurgicavega.com.br\/wp-content\/uploads\/2022\/07\/materiais.jpg 612w, https:\/\/metalurgicavega.com.br\/wp-content\/uploads\/2022\/07\/materiais-219x300.jpg 219w\" sizes=\"auto, (max-width: 612px) 100vw, 612px\" \/><\/a><\/div><\/div><\/div><\/div><\/div><\/div><\/div><\/div><\/section>\n","protected":false},"excerpt":{"rendered":"ProdutosProduzimos pecas de at\u00e9 1200 kg para diversos segmentos como minera\u00e7\u00e3o, siderurgia, papel e celulose, cimenteira, gera\u00e7\u00e3o de energia entre outros. Pe\u00e7as fundidas e usinadas com qualidade, atendendo as necessidades e expectativas das partes interessadas atrav\u00e9s de estrat\u00e9gias eficientes na gest\u00e3o e melhoria cont\u00ednua, contribuindo para o desenvolvimento ambiental e social. Produtos Lista de Materiais","protected":false},"author":1,"featured_media":0,"parent":0,"menu_order":0,"comment_status":"closed","ping_status":"closed","template":"","meta":{"inline_featured_image":false,"_joinchat":[],"footnotes":""},"class_list":["post-310","page","type-page","status-publish","hentry"],"_links":{"self":[{"href":"https:\/\/metalurgicavega.com.br\/index.php?rest_route=\/wp\/v2\/pages\/310","targetHints":{"allow":["GET"]}}],"collection":[{"href":"https:\/\/metalurgicavega.com.br\/index.php?rest_route=\/wp\/v2\/pages"}],"about":[{"href":"https:\/\/metalurgicavega.com.br\/index.php?rest_route=\/wp\/v2\/types\/page"}],"author":[{"embeddable":true,"href":"https:\/\/metalurgicavega.com.br\/index.php?rest_route=\/wp\/v2\/users\/1"}],"replies":[{"embeddable":true,"href":"https:\/\/metalurgicavega.com.br\/index.php?rest_route=%2Fwp%2Fv2%2Fcomments&post=310"}],"version-history":[{"count":46,"href":"https:\/\/metalurgicavega.com.br\/index.php?rest_route=\/wp\/v2\/pages\/310\/revisions"}],"predecessor-version":[{"id":586,"href":"https:\/\/metalurgicavega.com.br\/index.php?rest_route=\/wp\/v2\/pages\/310\/revisions\/586"}],"wp:attachment":[{"href":"https:\/\/metalurgicavega.com.br\/index.php?rest_route=%2Fwp%2Fv2%2Fmedia&parent=310"}],"curies":[{"name":"wp","href":"https:\/\/api.w.org\/{rel}","templated":true}]}}