{"id":26,"date":"2022-05-11T13:04:50","date_gmt":"2022-05-11T16:04:50","guid":{"rendered":"https:\/\/engenhomarketing.com.br\/leolara\/?page_id=26"},"modified":"2025-10-15T15:11:47","modified_gmt":"2025-10-15T18:11:47","slug":"inicio-2","status":"publish","type":"page","link":"https:\/\/metalurgicavega.com.br\/","title":{"rendered":"In\u00edcio"},"content":{"rendered":"<section class=\"l-section wpb_row us_custom_dedf3711 height_medium full_height valign_center with_shape\"><div class=\"l-section-shape type_triangle-2 pos_bottom\" style=\"height:5vh;color:#876D41\"><svg xmlns=\"http:\/\/www.w3.org\/2000\/svg\" viewBox=\"0 0 64 8\" preserveAspectRatio=\"none\" width=\"100%\" height=\"100%\">\r\n\t<path fill=\"currentColor\" d=\"M64 8 L0 8 L0 0 L48 7.9 L64 0 Z\"\/>\r\n<\/svg><\/div><div class=\"l-section-h i-cf\"><div class=\"g-cols via_grid cols_2 laptops-cols_inherit tablets-cols_inherit mobiles-cols_1 valign_top type_default\"><div class=\"wpb_column vc_column_container\"><div class=\"vc_column-inner\"><div class=\"w-vwrapper us_custom_e9ce0c07 animate_this align_none valign_middle\" style=\"--vwrapper-gap:\"><div class=\"wpb_text_column us_custom_3b59241a has_text_color\"><div class=\"wpb_wrapper\"><h2>Pe\u00e7as para diversos segmentos:<\/h2>\n<\/div><\/div><h2 class=\"w-itext us_custom_bec96236 type_zoomIn align_left\" onclick='return {&quot;duration&quot;:300,&quot;delay&quot;:2000,&quot;disablePartAnimation&quot;:false,&quot;html_nbsp_char&quot;:true}'><span class=\"w-itext-part changesat_0 changesat_1 changesat_2 changesat_3 changesat_4 dynamic\" onclick='return [&quot;Minera\\u00e7\\u00e3o&quot;,&quot;Siderurgia&quot;,&quot;Papel\\u00a0e\\u00a0Celulose&quot;,&quot;Cimenteira&quot;,&quot;Gera\\u00e7\\u00e3o\\u00a0de\\u00a0Energia&quot;]'><span>Minera&ccedil;&atilde;o<\/span><\/span><\/h2><\/div><\/div><\/div><div class=\"wpb_column vc_column_container\"><div class=\"vc_column-inner\"><\/div><\/div><\/div><\/div><\/section><section class=\"l-section wpb_row us_custom_daa47ce3 height_small\"><div class=\"l-section-h i-cf\"><div class=\"g-cols via_grid cols_1 laptops-cols_inherit tablets-cols_inherit mobiles-cols_1 valign_top type_default\"><div class=\"wpb_column vc_column_container\"><div class=\"vc_column-inner\"><div class=\"g-cols wpb_row via_grid cols_2 laptops-cols_inherit tablets-cols_inherit mobiles-cols_1 valign_top type_default\"><div class=\"wpb_column vc_column_container\"><div class=\"vc_column-inner\"><div class=\"wpb_text_column us_custom_6df4bc3a has_text_color\"><div class=\"wpb_wrapper\"><p style=\"text-align: justify;\">A Metal\u00fargica Vega tem uma estrutura montada em uma \u00e1rea total de 11.200 m\u00b2, sendo 3.000m\u00b2 de \u00e1rea constru\u00edda e conta com mecanismos avan\u00e7ados para execu\u00e7\u00e3o dos processos nos setores de fus\u00e3o, molda\u00e7\u00e3o, acabamento, expedi\u00e7\u00e3o e carregamento.<\/p>\n<p style=\"text-align: justify;\">Produzimos pe\u00e7as com sistema de misturador cont\u00ednuo e resina cura a frio com capacidade de 6 toneladas\/hora. Nosso sistema de fus\u00e3o conta com quatro fornos a indu\u00e7\u00e3o sendo um com capacidade nominal de 700 kg,\u00a0 outro com capacidade nominal de 1200 kg e outros dois com capacidade nominal de 1500 kg, sendo processado aproximadamente 200 toneladas\/m\u00eas<\/p>\n<\/div><\/div><div class=\"w-btn-wrapper align_none\"><a class=\"w-btn us-btn-style_2\" title=\"Empresa\" href=\"https:\/\/engenhomarketing.com.br\/leolara\/empresa\/\"><span class=\"w-btn-label\">CONHE\u00c7A NOSSA EMPRESA<\/span><\/a><\/div><\/div><\/div><div class=\"wpb_column vc_column_container\"><div class=\"vc_column-inner\"><div class=\"w-slider style_none fit_scaledown\"><div class=\"w-slider-h\"><div class=\"royalSlider\"><div class=\"rsContent\"><a class=\"rsImg\" data-rsw=\"800\" data-rsh=\"600\" href=\"https:\/\/metalurgicavega.com.br\/wp-content\/uploads\/2022\/06\/04.jpg\"><span data-alt=\"\"><\/span><\/a><\/div><div class=\"rsContent\"><a class=\"rsImg\" data-rsw=\"800\" data-rsh=\"600\" href=\"https:\/\/metalurgicavega.com.br\/wp-content\/uploads\/2022\/06\/01.jpg\"><span data-alt=\"\"><\/span><\/a><\/div><div class=\"rsContent\"><a class=\"rsImg\" data-rsw=\"800\" data-rsh=\"600\" href=\"https:\/\/metalurgicavega.com.br\/wp-content\/uploads\/2022\/06\/08.jpg\"><span data-alt=\"\"><\/span><\/a><\/div><div class=\"rsContent\"><a class=\"rsImg\" data-rsw=\"800\" data-rsh=\"600\" href=\"https:\/\/metalurgicavega.com.br\/wp-content\/uploads\/2022\/07\/RS1_2810.jpg\"><span data-alt=\"\"><\/span><\/a><\/div><div class=\"rsContent\"><a class=\"rsImg\" data-rsw=\"800\" data-rsh=\"600\" href=\"https:\/\/metalurgicavega.com.br\/wp-content\/uploads\/2022\/07\/RS1_2822.jpg\"><span data-alt=\"\"><\/span><\/a><\/div><div class=\"rsContent\"><a class=\"rsImg\" data-rsw=\"800\" data-rsh=\"600\" href=\"https:\/\/metalurgicavega.com.br\/wp-content\/uploads\/2022\/07\/RS1_2841.jpg\"><span data-alt=\"\"><\/span><\/a><\/div><div class=\"rsContent\"><a class=\"rsImg\" data-rsw=\"800\" data-rsh=\"600\" href=\"https:\/\/metalurgicavega.com.br\/wp-content\/uploads\/2022\/07\/RS1_4267.jpg\"><span data-alt=\"\"><\/span><\/a><\/div><div class=\"rsContent\"><a class=\"rsImg\" data-rsw=\"800\" data-rsh=\"600\" href=\"https:\/\/metalurgicavega.com.br\/wp-content\/uploads\/2022\/07\/RS1_4268.jpg\"><span data-alt=\"\"><\/span><\/a><\/div><div class=\"rsContent\"><a class=\"rsImg\" data-rsw=\"800\" data-rsh=\"600\" href=\"https:\/\/metalurgicavega.com.br\/wp-content\/uploads\/2022\/07\/RS1_4298.jpg\"><span data-alt=\"\"><\/span><\/a><\/div><div class=\"rsContent\"><a class=\"rsImg\" data-rsw=\"768\" data-rsh=\"1024\" href=\"https:\/\/metalurgicavega.com.br\/wp-content\/uploads\/2025\/07\/WhatsApp-Image-2025-07-29-at-15.10.53-768x1024.jpeg\"><span data-alt=\"\"><\/span><\/a><\/div><div class=\"rsContent\"><a class=\"rsImg\" data-rsw=\"768\" data-rsh=\"1024\" href=\"https:\/\/metalurgicavega.com.br\/wp-content\/uploads\/2025\/07\/WhatsApp-Image-2025-07-29-at-14.18.23-1-768x1024.jpeg\"><span data-alt=\"\"><\/span><\/a><\/div><div class=\"rsContent\"><a class=\"rsImg\" data-rsw=\"1024\" data-rsh=\"768\" href=\"https:\/\/metalurgicavega.com.br\/wp-content\/uploads\/2025\/10\/WhatsApp-Image-2025-10-15-at-15.09.09-1-1024x768.jpeg\"><span data-alt=\"\"><\/span><\/a><\/div><\/div><img decoding=\"async\" src=\"https:\/\/metalurgicavega.com.br\/wp-content\/uploads\/2022\/06\/04.jpg\" width=\"800\" height=\"600\" alt loading=\"lazy\"><\/div><div class=\"w-slider-json\" onclick='return {&quot;loop&quot;:true,&quot;fadeInLoadedSlide&quot;:false,&quot;slidesSpacing&quot;:0,&quot;imageScalePadding&quot;:0,&quot;numImagesToPreload&quot;:2,&quot;arrowsNav&quot;:false,&quot;arrowsNavAutoHide&quot;:false,&quot;transitionType&quot;:&quot;fade&quot;,&quot;transitionSpeed&quot;:400,&quot;block&quot;:{&quot;moveEffect&quot;:&quot;none&quot;,&quot;speed&quot;:300},&quot;controlNavigation&quot;:&quot;none&quot;,&quot;autoplay&quot;:{&quot;enabled&quot;:true,&quot;pauseOnHover&quot;:false,&quot;delay&quot;:3000},&quot;imageScaleMode&quot;:&quot;fit-if-smaller&quot;,&quot;autoScaleSlider&quot;:true,&quot;autoScaleSliderWidth&quot;:800,&quot;autoScaleSliderHeight&quot;:600,&quot;fitInViewport&quot;:false}'><\/div><\/div><\/div><\/div><\/div><div class=\"g-cols wpb_row us_custom_2ae65f69 via_grid cols_3 laptops-cols_inherit tablets-cols_inherit mobiles-cols_1 valign_top type_default\"><div class=\"wpb_column vc_column_container\"><div class=\"vc_column-inner\"><div class=\"w-counter us_custom_9465ce2d color_primary align_center has_font_size\" data-duration=\"2000\"><div class=\"w-counter-value\"><span class=\"w-counter-value-part type_text\" data-final=\"\"><\/span><span class=\"w-counter-value-part type_number\" data-final=\"2400\">1<\/span><span class=\"w-counter-value-part type_text\" data-final=\" Toneladas\"><\/span><\/div><h4 class=\"w-counter-title\" style=\"font-size:18px;\">Produ\u00e7\u00e3o Anual<\/h4><\/div><\/div><\/div><div class=\"wpb_column vc_column_container\"><div class=\"vc_column-inner\"><div class=\"w-counter us_custom_9465ce2d color_primary align_center has_font_size\" data-duration=\"2000\"><div class=\"w-counter-value\"><span class=\"w-counter-value-part type_text\" data-final=\"\"><\/span><span class=\"w-counter-value-part type_number\" data-final=\"300\">1<\/span><span class=\"w-counter-value-part type_text\" data-final=\" Clientes\"><\/span><\/div><h4 class=\"w-counter-title\" style=\"font-size:18px;\">Satisfeitos<\/h4><\/div><\/div><\/div><div class=\"wpb_column vc_column_container\"><div class=\"vc_column-inner\"><div class=\"w-counter us_custom_9465ce2d color_primary align_center has_font_size\" data-duration=\"2000\"><div class=\"w-counter-value\"><span class=\"w-counter-value-part type_text\" data-final=\"\"><\/span><span class=\"w-counter-value-part type_number\" data-final=\"14\">1<\/span><span class=\"w-counter-value-part type_text\" data-final=\" Anos\"><\/span><\/div><h4 class=\"w-counter-title\" style=\"font-size:18px;\">Experi\u00eancia<\/h4><\/div><\/div><\/div><\/div><\/div><\/div><\/div><\/div><\/section><section class=\"l-section wpb_row us_custom_e80196d5 height_small\"><div class=\"l-section-h i-cf\"><div class=\"g-cols via_grid cols_1 laptops-cols_inherit tablets-cols_inherit mobiles-cols_1 valign_top type_default\"><div class=\"wpb_column vc_column_container\"><div class=\"vc_column-inner\"><div class=\"g-cols wpb_row us_custom_60e9caca animate_this via_grid cols_2 laptops-cols_inherit tablets-cols_inherit mobiles-cols_1 valign_top type_default\"><div class=\"wpb_column vc_column_container\"><div class=\"vc_column-inner\"><div class=\"ult-new-ib ult-ib-effect-style15  ult-ib-resp  \" data-min-width=\"768\" data-max-width=\"900\" style=\"background:#1e73be;\" data-opacity=\"1\" data-hover-opacity=\"0.5\" ><img decoding=\"async\" class=\"ult-new-ib-img\" style=\"opacity:1;\" alt=\"null\" src=\"https:\/\/metalurgicavega.com.br\/wp-content\/uploads\/2022\/06\/linhadeprodutos.jpg\"   \/><div id=\"interactive-banner-wrap-5478\" class=\"ult-new-ib-desc\" style=\"\"><h2 class=\"ult-new-ib-title ult-responsive\"  data-ultimate-target='#interactive-banner-wrap-5478 .ult-new-ib-title'  data-responsive-json-new='{\"font-size\":\"desktop:25px;\",\"line-height\":\"\"}'  style=\"font-weight:bold;\">LINHAS DE PRODUTOS<\/h2><\/div><a class=\"ult-new-ib-link\" href=\"https:\/\/metalurgicavega.com.br\/?page_id=310\" title=\"Produtos\"  ><\/a><\/div><script type=\"text\/javascript\">\r\n\t\t\t(function($){\r\n\t\t\t\t$(document).ready(function(){\r\n\t\t\t\t\t$(\".ult-new-ib\").css(\"opacity\",\"1\");\r\n\t\t\t\t});\r\n\t\t\t})(jQuery);\r\n\t\t\t<\/script><\/div><\/div><div class=\"wpb_column vc_column_container\"><div class=\"vc_column-inner\"><div class=\"ult-new-ib ult-ib-effect-style15  ult-ib-resp  \" data-min-width=\"768\" data-max-width=\"900\" style=\"background:#1e73be;\" data-opacity=\"1\" data-hover-opacity=\"0.5\" ><img decoding=\"async\" class=\"ult-new-ib-img\" style=\"opacity:1;\" alt=\"null\" src=\"https:\/\/metalurgicavega.com.br\/wp-content\/uploads\/2022\/07\/qualidade.jpg\"   \/><div id=\"interactive-banner-wrap-8535\" class=\"ult-new-ib-desc\" style=\"\"><h2 class=\"ult-new-ib-title ult-responsive\"  data-ultimate-target='#interactive-banner-wrap-8535 .ult-new-ib-title'  data-responsive-json-new='{\"font-size\":\"desktop:25px;\",\"line-height\":\"\"}'  style=\"font-weight:bold;\">QUALIDADE<\/h2><\/div><a class=\"ult-new-ib-link\" href=\"https:\/\/metalurgicavega.com.br\/?page_id=312\" title=\"Pol\u00edtica de Qualidade\"  ><\/a><\/div><script type=\"text\/javascript\">\r\n\t\t\t(function($){\r\n\t\t\t\t$(document).ready(function(){\r\n\t\t\t\t\t$(\".ult-new-ib\").css(\"opacity\",\"1\");\r\n\t\t\t\t});\r\n\t\t\t})(jQuery);\r\n\t\t\t<\/script><\/div><\/div><\/div><div id=\"ultimate-heading-148469d9c01ac410a\" class=\"uvc-heading ult-adjust-bottom-margin ultimate-heading-148469d9c01ac410a uvc-454 \" data-hspacer=\"image_only\"  data-halign=\"center\" style=\"text-align:center\"><div class=\"uvc-sub-heading ult-responsive\"  data-ultimate-target='.uvc-heading.ultimate-heading-148469d9c01ac410a .uvc-sub-heading '  data-responsive-json-new='{\"font-size\":\"desktop:29px;\",\"line-height\":\"\"}'  style=\"font-family:&#039;Montserrat&#039;;font-weight:800;color:#b5893d;margin-top:0px;margin-bottom:0px;\">\n<p style=\"text-align: center;\"><strong>CLIENTES<\/strong><\/p>\n<\/div><div class=\"uvc-heading-spacer image_only\" style=\"margin-top:-10px;margin-bottom:20px;\"><img decoding=\"async\" src=\"https:\/\/metalurgicavega.com.br\/wp-content\/uploads\/2022\/05\/separador.png\" class=\"ultimate-headings-icon-image\" alt=\"null\" style=\"width:204px\"\/><\/div><\/div><div id=\"ult-carousel-115434742869d9c01ac4208\" class=\"ult-carousel-wrapper   ult_horizontal\" data-gutter=\"15\" data-rtl=\"false\" ><div class=\"ult-carousel-210097641269d9c01ac416c \" ><div class=\"ult-item-wrap\" data-animation=\"animated no-animation\"><div class=\"w-image align_none\"><div class=\"w-image-h\"><img loading=\"lazy\" decoding=\"async\" width=\"880\" height=\"343\" src=\"https:\/\/metalurgicavega.com.br\/wp-content\/uploads\/2025\/07\/va1083v690-vale-logo-vale-logo-png-and-vector-logo-download.png\" class=\"attachment-large size-large\" alt=\"\" srcset=\"https:\/\/metalurgicavega.com.br\/wp-content\/uploads\/2025\/07\/va1083v690-vale-logo-vale-logo-png-and-vector-logo-download.png 880w, https:\/\/metalurgicavega.com.br\/wp-content\/uploads\/2025\/07\/va1083v690-vale-logo-vale-logo-png-and-vector-logo-download-300x117.png 300w\" sizes=\"auto, (max-width: 880px) 100vw, 880px\" \/><\/div><\/div><\/div><div class=\"ult-item-wrap\" data-animation=\"animated no-animation\"><div class=\"w-image align_center\"><div class=\"w-image-h\"><img loading=\"lazy\" decoding=\"async\" width=\"229\" height=\"88\" src=\"https:\/\/metalurgicavega.com.br\/wp-content\/uploads\/2022\/05\/usiminas.png\" class=\"attachment-full size-full\" alt=\"\" \/><\/div><\/div><\/div><div class=\"ult-item-wrap\" data-animation=\"animated no-animation\"><div class=\"w-image align_center\"><div class=\"w-image-h\"><img loading=\"lazy\" decoding=\"async\" width=\"229\" height=\"88\" src=\"https:\/\/metalurgicavega.com.br\/wp-content\/uploads\/2022\/05\/nemak.png\" class=\"attachment-full size-full\" alt=\"\" \/><\/div><\/div><\/div><div class=\"ult-item-wrap\" data-animation=\"animated no-animation\"><div class=\"w-image align_center\"><div class=\"w-image-h\"><img loading=\"lazy\" decoding=\"async\" width=\"229\" height=\"88\" src=\"https:\/\/metalurgicavega.com.br\/wp-content\/uploads\/2022\/05\/imic.png\" class=\"attachment-full size-full\" alt=\"\" \/><\/div><\/div><\/div><div class=\"ult-item-wrap\" data-animation=\"animated no-animation\"><div class=\"w-image align_center\"><div class=\"w-image-h\"><img loading=\"lazy\" decoding=\"async\" width=\"229\" height=\"88\" src=\"https:\/\/metalurgicavega.com.br\/wp-content\/uploads\/2022\/05\/brx.png\" class=\"attachment-full size-full\" alt=\"\" \/><\/div><\/div><\/div><div class=\"ult-item-wrap\" data-animation=\"animated no-animation\"><div class=\"w-image align_center\"><div class=\"w-image-h\"><img loading=\"lazy\" decoding=\"async\" width=\"229\" height=\"88\" src=\"https:\/\/metalurgicavega.com.br\/wp-content\/uploads\/2022\/05\/arcelormital.png\" class=\"attachment-full size-full\" alt=\"\" \/><\/div><\/div><\/div><div class=\"ult-item-wrap\" data-animation=\"animated no-animation\"><div class=\"w-image align_center\"><div class=\"w-image-h\"><img loading=\"lazy\" decoding=\"async\" width=\"229\" height=\"88\" src=\"https:\/\/metalurgicavega.com.br\/wp-content\/uploads\/2022\/05\/alfa.png\" class=\"attachment-full size-full\" alt=\"\" \/><\/div><\/div><\/div><div class=\"ult-item-wrap\" data-animation=\"animated no-animation\"><div class=\"w-image align_center\"><div class=\"w-image-h\"><img loading=\"lazy\" decoding=\"async\" width=\"229\" height=\"88\" src=\"https:\/\/metalurgicavega.com.br\/wp-content\/uploads\/2022\/05\/albras.png\" class=\"attachment-full size-full\" alt=\"\" \/><\/div><\/div><\/div><\/div><\/div>\t\t\t<script type=\"text\/javascript\">\r\n\t\t\t\tjQuery(document).ready(function ($) {\r\n\t\t\t\t\tif( typeof jQuery('.ult-carousel-210097641269d9c01ac416c').slick == \"function\"){\r\n\t\t\t\t\t\t$('.ult-carousel-210097641269d9c01ac416c').slick({dots: false,autoplay: true,autoplaySpeed: 4000,speed: 2000,infinite: true,arrows: false,slidesToScroll:5,slidesToShow:5,swipe: true,draggable: true,touchMove: true,pauseOnHover: true,pauseOnFocus: false,responsive: [\r\n\t\t\t\t\t\t\t{\r\n\t\t\t\t\t\t\t  breakpoint: 1026,\r\n\t\t\t\t\t\t\t  settings: {\r\n\t\t\t\t\t\t\t\tslidesToShow: 5,\r\n\t\t\t\t\t\t\t\tslidesToScroll: 5,  \r\n\t\t\t\t\t\t\t  }\r\n\t\t\t\t\t\t\t},\r\n\t\t\t\t\t\t\t{\r\n\t\t\t\t\t\t\t  breakpoint: 1025,\r\n\t\t\t\t\t\t\t  settings: {\r\n\t\t\t\t\t\t\t\tslidesToShow: 3,\r\n\t\t\t\t\t\t\t\tslidesToScroll: 3\r\n\t\t\t\t\t\t\t  }\r\n\t\t\t\t\t\t\t},\r\n\t\t\t\t\t\t\t{\r\n\t\t\t\t\t\t\t  breakpoint: 760,\r\n\t\t\t\t\t\t\t  settings: {\r\n\t\t\t\t\t\t\t\tslidesToShow: 2,\r\n\t\t\t\t\t\t\t\tslidesToScroll: 2\r\n\t\t\t\t\t\t\t  }\r\n\t\t\t\t\t\t\t}\r\n\t\t\t\t\t\t],pauseOnDotsHover: true,customPaging: function(slider, i) {\r\n                   return '<i type=\"button\" style= \"color:#333333;\" class=\"ultsl-record\" data-role=\"none\"><\/i>';\r\n                },});\r\n\t\t\t\t\t}\r\n\t\t\t\t});\r\n\t\t\t<\/script>\r\n\t\t\t<\/div><\/div><\/div><\/div><\/section>\n","protected":false},"excerpt":{"rendered":"Pe\u00e7as para diversos segmentos: Minera&ccedil;&atilde;oA Metal\u00fargica Vega tem uma estrutura montada em uma \u00e1rea total de 11.200 m\u00b2, sendo 3.000m\u00b2 de \u00e1rea constru\u00edda e conta com mecanismos avan\u00e7ados para execu\u00e7\u00e3o dos processos nos setores de fus\u00e3o, molda\u00e7\u00e3o, acabamento, expedi\u00e7\u00e3o e carregamento. Produzimos pe\u00e7as com sistema de misturador cont\u00ednuo e resina cura a frio com capacidade...","protected":false},"author":1,"featured_media":0,"parent":0,"menu_order":0,"comment_status":"closed","ping_status":"closed","template":"","meta":{"inline_featured_image":false,"_joinchat":[],"footnotes":""},"class_list":["post-26","page","type-page","status-publish","hentry"],"_links":{"self":[{"href":"https:\/\/metalurgicavega.com.br\/index.php?rest_route=\/wp\/v2\/pages\/26","targetHints":{"allow":["GET"]}}],"collection":[{"href":"https:\/\/metalurgicavega.com.br\/index.php?rest_route=\/wp\/v2\/pages"}],"about":[{"href":"https:\/\/metalurgicavega.com.br\/index.php?rest_route=\/wp\/v2\/types\/page"}],"author":[{"embeddable":true,"href":"https:\/\/metalurgicavega.com.br\/index.php?rest_route=\/wp\/v2\/users\/1"}],"replies":[{"embeddable":true,"href":"https:\/\/metalurgicavega.com.br\/index.php?rest_route=%2Fwp%2Fv2%2Fcomments&post=26"}],"version-history":[{"count":188,"href":"https:\/\/metalurgicavega.com.br\/index.php?rest_route=\/wp\/v2\/pages\/26\/revisions"}],"predecessor-version":[{"id":584,"href":"https:\/\/metalurgicavega.com.br\/index.php?rest_route=\/wp\/v2\/pages\/26\/revisions\/584"}],"wp:attachment":[{"href":"https:\/\/metalurgicavega.com.br\/index.php?rest_route=%2Fwp%2Fv2%2Fmedia&parent=26"}],"curies":[{"name":"wp","href":"https:\/\/api.w.org\/{rel}","templated":true}]}}